{"id":4904,"date":"2025-10-14T12:44:33","date_gmt":"2025-10-14T12:44:33","guid":{"rendered":"https:\/\/fundacioestabanell.cat\/concurs-de-relats\/"},"modified":"2026-04-10T11:53:10","modified_gmt":"2026-04-10T11:53:10","slug":"concurso-de-relatos","status":"publish","type":"page","link":"https:\/\/fundacioestabanell.cat\/es\/concurso-de-relatos\/","title":{"rendered":"Concurso de relatos que transforman"},"content":{"rendered":"<p data-start=\"0\" data-end=\"234\">El <strong data-start=\"3\" data-end=\"26\">Concurso de Relatos<\/strong> es una iniciativa literaria de la <strong data-start=\"61\" data-end=\"85\">Fundaci\u00f3n Estabanell<\/strong> con un fuerte compromiso social, dirigida a j\u00f3venes que participan en recursos educativos y sociales del <strong data-start=\"191\" data-end=\"231\">Vall\u00e8s Oriental, Osona y el Ripoll\u00e8s<\/strong>.<\/p>\n<p data-start=\"0\" data-end=\"234\"><img loading=\"lazy\" decoding=\"async\" class=\"wp-image-4914 alignnone alignright\" src=\"http:\/\/fundacioestabanell.cat\/wp-content\/uploads\/2025\/10\/pexels-shvets-production-7516381-1024x683.jpg\" alt=\"\" width=\"338\" height=\"226\" srcset=\"https:\/\/fundacioestabanell.cat\/wp-content\/uploads\/2025\/10\/pexels-shvets-production-7516381-1024x683.jpg 1024w, https:\/\/fundacioestabanell.cat\/wp-content\/uploads\/2025\/10\/pexels-shvets-production-7516381-300x200.jpg 300w, https:\/\/fundacioestabanell.cat\/wp-content\/uploads\/2025\/10\/pexels-shvets-production-7516381-768x512.jpg 768w, https:\/\/fundacioestabanell.cat\/wp-content\/uploads\/2025\/10\/pexels-shvets-production-7516381-1536x1024.jpg 1536w, https:\/\/fundacioestabanell.cat\/wp-content\/uploads\/2025\/10\/pexels-shvets-production-7516381-2048x1365.jpg 2048w\" sizes=\"auto, (max-width: 338px) 100vw, 338px\" \/><\/p>\n<p data-start=\"236\" data-end=\"518\">A trav\u00e9s de la escritura de un relato breve \u2014en el formato que mejor sirva a los y las j\u00f3venes para expresarse\u2014, los participantes tienen la oportunidad de <strong data-start=\"392\" data-end=\"456\">compartir sus vivencias, emociones y aprendizajes personales<\/strong>, dando voz a historias que a menudo quedan invisibilizadas.<\/p>\n<p data-start=\"520\" data-end=\"885\" data-is-last-node=\"\" data-is-only-node=\"\">El <strong data-start=\"523\" data-end=\"541\">relato ganador<\/strong> ser\u00e1 editado por la Fundaci\u00f3n Estabanell, que tambi\u00e9n impulsar\u00e1 la publicaci\u00f3n de un n\u00famero determinado de ejemplares. De esta manera, la narraci\u00f3n se convertir\u00e1 en un <strong data-start=\"710\" data-end=\"750\">recurso educativo para las entidades<\/strong>, fomentando la <strong data-start=\"766\" data-end=\"810\">creatividad, la reflexi\u00f3n y la inclusi\u00f3n<\/strong> entre j\u00f3venes en situaci\u00f3n de vulnerabilidad o riesgo de exclusi\u00f3n social.<!--more--><\/p>\n","protected":false},"excerpt":{"rendered":"<p>El Concurso de Relatos es una iniciativa literaria de la Fundaci\u00f3n Estabanell con un fuerte compromiso social, dirigida a j\u00f3venes que participan en recursos educativos y sociales del Vall\u00e8s Oriental, Osona y el Ripoll\u00e8s. A trav\u00e9s de la escritura de un relato breve \u2014en el formato que mejor sirva a los y las j\u00f3venes para [&hellip;]<\/p>\n","protected":false},"author":1,"featured_media":0,"parent":0,"menu_order":0,"comment_status":"closed","ping_status":"closed","template":"page-relats.php","meta":{"_acf_changed":false,"footnotes":""},"class_list":["post-4904","page","type-page","status-publish","hentry"],"acf":[],"yoast_head":"<!-- This site is optimized with the Yoast SEO plugin v27.4 - https:\/\/yoast.com\/product\/yoast-seo-wordpress\/ -->\n<title>Concurso de relatos que transforman - Fundaci\u00f3 Estabanell<\/title>\n<meta name=\"robots\" content=\"index, follow, max-snippet:-1, max-image-preview:large, max-video-preview:-1\" \/>\n<link rel=\"canonical\" href=\"https:\/\/fundacioestabanell.cat\/es\/concurso-de-relatos\/\" \/>\n<meta property=\"og:locale\" content=\"es_ES\" \/>\n<meta property=\"og:type\" content=\"article\" \/>\n<meta property=\"og:title\" content=\"Concurso de relatos que transforman - Fundaci\u00f3 Estabanell\" \/>\n<meta property=\"og:description\" content=\"El Concurso de Relatos es una iniciativa literaria de la Fundaci\u00f3n Estabanell con un fuerte compromiso social, dirigida a j\u00f3venes que participan en recursos educativos y sociales del Vall\u00e8s Oriental, Osona y el Ripoll\u00e8s. A trav\u00e9s de la escritura de un relato breve \u2014en el formato que mejor sirva a los y las j\u00f3venes para [&hellip;]\" \/>\n<meta property=\"og:url\" content=\"https:\/\/fundacioestabanell.cat\/es\/concurso-de-relatos\/\" \/>\n<meta property=\"og:site_name\" content=\"Fundaci\u00f3 Estabanell\" \/>\n<meta property=\"article:modified_time\" content=\"2026-04-10T11:53:10+00:00\" \/>\n<meta property=\"og:image\" content=\"https:\/\/fundacioestabanell.cat\/wp-content\/uploads\/2025\/10\/pexels-shvets-production-7516381-scaled.jpg\" \/>\n\t<meta property=\"og:image:width\" content=\"2560\" \/>\n\t<meta property=\"og:image:height\" content=\"1706\" \/>\n\t<meta property=\"og:image:type\" content=\"image\/jpeg\" \/>\n<meta name=\"twitter:card\" content=\"summary_large_image\" \/>\n<meta name=\"twitter:label1\" content=\"Tiempo de lectura\" \/>\n\t<meta name=\"twitter:data1\" content=\"1 minuto\" \/>\n<script type=\"application\/ld+json\" class=\"yoast-schema-graph\">{\"@context\":\"https:\\\/\\\/schema.org\",\"@graph\":[{\"@type\":\"WebPage\",\"@id\":\"https:\\\/\\\/fundacioestabanell.cat\\\/es\\\/concurso-de-relatos\\\/\",\"url\":\"https:\\\/\\\/fundacioestabanell.cat\\\/es\\\/concurso-de-relatos\\\/\",\"name\":\"Concurso de relatos que transforman - Fundaci\u00f3 Estabanell\",\"isPartOf\":{\"@id\":\"https:\\\/\\\/fundacioestabanell.cat\\\/es\\\/#website\"},\"primaryImageOfPage\":{\"@id\":\"https:\\\/\\\/fundacioestabanell.cat\\\/es\\\/concurso-de-relatos\\\/#primaryimage\"},\"image\":{\"@id\":\"https:\\\/\\\/fundacioestabanell.cat\\\/es\\\/concurso-de-relatos\\\/#primaryimage\"},\"thumbnailUrl\":\"http:\\\/\\\/fundacioestabanell.cat\\\/wp-content\\\/uploads\\\/2025\\\/10\\\/pexels-shvets-production-7516381-1024x683.jpg\",\"datePublished\":\"2025-10-14T12:44:33+00:00\",\"dateModified\":\"2026-04-10T11:53:10+00:00\",\"breadcrumb\":{\"@id\":\"https:\\\/\\\/fundacioestabanell.cat\\\/es\\\/concurso-de-relatos\\\/#breadcrumb\"},\"inLanguage\":\"es\",\"potentialAction\":[{\"@type\":\"ReadAction\",\"target\":[\"https:\\\/\\\/fundacioestabanell.cat\\\/es\\\/concurso-de-relatos\\\/\"]}]},{\"@type\":\"ImageObject\",\"inLanguage\":\"es\",\"@id\":\"https:\\\/\\\/fundacioestabanell.cat\\\/es\\\/concurso-de-relatos\\\/#primaryimage\",\"url\":\"http:\\\/\\\/fundacioestabanell.cat\\\/wp-content\\\/uploads\\\/2025\\\/10\\\/pexels-shvets-production-7516381-1024x683.jpg\",\"contentUrl\":\"http:\\\/\\\/fundacioestabanell.cat\\\/wp-content\\\/uploads\\\/2025\\\/10\\\/pexels-shvets-production-7516381-1024x683.jpg\"},{\"@type\":\"BreadcrumbList\",\"@id\":\"https:\\\/\\\/fundacioestabanell.cat\\\/es\\\/concurso-de-relatos\\\/#breadcrumb\",\"itemListElement\":[{\"@type\":\"ListItem\",\"position\":1,\"name\":\"Inici\",\"item\":\"https:\\\/\\\/fundacioestabanell.cat\\\/es\\\/\"},{\"@type\":\"ListItem\",\"position\":2,\"name\":\"Concurso de relatos que transforman\"}]},{\"@type\":\"WebSite\",\"@id\":\"https:\\\/\\\/fundacioestabanell.cat\\\/es\\\/#website\",\"url\":\"https:\\\/\\\/fundacioestabanell.cat\\\/es\\\/\",\"name\":\"Fundaci\u00f3 Estabanell\",\"description\":\"Este es vuestro espacio. Aqu\u00ed ten\u00e9is un sitio.\",\"potentialAction\":[{\"@type\":\"SearchAction\",\"target\":{\"@type\":\"EntryPoint\",\"urlTemplate\":\"https:\\\/\\\/fundacioestabanell.cat\\\/es\\\/?s={search_term_string}\"},\"query-input\":{\"@type\":\"PropertyValueSpecification\",\"valueRequired\":true,\"valueName\":\"search_term_string\"}}],\"inLanguage\":\"es\"}]}<\/script>\n<!-- \/ Yoast SEO plugin. -->","yoast_head_json":{"title":"Concurso de relatos que transforman - Fundaci\u00f3 Estabanell","robots":{"index":"index","follow":"follow","max-snippet":"max-snippet:-1","max-image-preview":"max-image-preview:large","max-video-preview":"max-video-preview:-1"},"canonical":"https:\/\/fundacioestabanell.cat\/es\/concurso-de-relatos\/","og_locale":"es_ES","og_type":"article","og_title":"Concurso de relatos que transforman - Fundaci\u00f3 Estabanell","og_description":"El Concurso de Relatos es una iniciativa literaria de la Fundaci\u00f3n Estabanell con un fuerte compromiso social, dirigida a j\u00f3venes que participan en recursos educativos y sociales del Vall\u00e8s Oriental, Osona y el Ripoll\u00e8s. A trav\u00e9s de la escritura de un relato breve \u2014en el formato que mejor sirva a los y las j\u00f3venes para [&hellip;]","og_url":"https:\/\/fundacioestabanell.cat\/es\/concurso-de-relatos\/","og_site_name":"Fundaci\u00f3 Estabanell","article_modified_time":"2026-04-10T11:53:10+00:00","og_image":[{"width":2560,"height":1706,"url":"https:\/\/fundacioestabanell.cat\/wp-content\/uploads\/2025\/10\/pexels-shvets-production-7516381-scaled.jpg","type":"image\/jpeg"}],"twitter_card":"summary_large_image","twitter_misc":{"Tiempo de lectura":"1 minuto"},"schema":{"@context":"https:\/\/schema.org","@graph":[{"@type":"WebPage","@id":"https:\/\/fundacioestabanell.cat\/es\/concurso-de-relatos\/","url":"https:\/\/fundacioestabanell.cat\/es\/concurso-de-relatos\/","name":"Concurso de relatos que transforman - Fundaci\u00f3 Estabanell","isPartOf":{"@id":"https:\/\/fundacioestabanell.cat\/es\/#website"},"primaryImageOfPage":{"@id":"https:\/\/fundacioestabanell.cat\/es\/concurso-de-relatos\/#primaryimage"},"image":{"@id":"https:\/\/fundacioestabanell.cat\/es\/concurso-de-relatos\/#primaryimage"},"thumbnailUrl":"http:\/\/fundacioestabanell.cat\/wp-content\/uploads\/2025\/10\/pexels-shvets-production-7516381-1024x683.jpg","datePublished":"2025-10-14T12:44:33+00:00","dateModified":"2026-04-10T11:53:10+00:00","breadcrumb":{"@id":"https:\/\/fundacioestabanell.cat\/es\/concurso-de-relatos\/#breadcrumb"},"inLanguage":"es","potentialAction":[{"@type":"ReadAction","target":["https:\/\/fundacioestabanell.cat\/es\/concurso-de-relatos\/"]}]},{"@type":"ImageObject","inLanguage":"es","@id":"https:\/\/fundacioestabanell.cat\/es\/concurso-de-relatos\/#primaryimage","url":"http:\/\/fundacioestabanell.cat\/wp-content\/uploads\/2025\/10\/pexels-shvets-production-7516381-1024x683.jpg","contentUrl":"http:\/\/fundacioestabanell.cat\/wp-content\/uploads\/2025\/10\/pexels-shvets-production-7516381-1024x683.jpg"},{"@type":"BreadcrumbList","@id":"https:\/\/fundacioestabanell.cat\/es\/concurso-de-relatos\/#breadcrumb","itemListElement":[{"@type":"ListItem","position":1,"name":"Inici","item":"https:\/\/fundacioestabanell.cat\/es\/"},{"@type":"ListItem","position":2,"name":"Concurso de relatos que transforman"}]},{"@type":"WebSite","@id":"https:\/\/fundacioestabanell.cat\/es\/#website","url":"https:\/\/fundacioestabanell.cat\/es\/","name":"Fundaci\u00f3 Estabanell","description":"Este es vuestro espacio. Aqu\u00ed ten\u00e9is un sitio.","potentialAction":[{"@type":"SearchAction","target":{"@type":"EntryPoint","urlTemplate":"https:\/\/fundacioestabanell.cat\/es\/?s={search_term_string}"},"query-input":{"@type":"PropertyValueSpecification","valueRequired":true,"valueName":"search_term_string"}}],"inLanguage":"es"}]}},"_links":{"self":[{"href":"https:\/\/fundacioestabanell.cat\/es\/wp-json\/wp\/v2\/pages\/4904","targetHints":{"allow":["GET"]}}],"collection":[{"href":"https:\/\/fundacioestabanell.cat\/es\/wp-json\/wp\/v2\/pages"}],"about":[{"href":"https:\/\/fundacioestabanell.cat\/es\/wp-json\/wp\/v2\/types\/page"}],"author":[{"embeddable":true,"href":"https:\/\/fundacioestabanell.cat\/es\/wp-json\/wp\/v2\/users\/1"}],"replies":[{"embeddable":true,"href":"https:\/\/fundacioestabanell.cat\/es\/wp-json\/wp\/v2\/comments?post=4904"}],"version-history":[{"count":8,"href":"https:\/\/fundacioestabanell.cat\/es\/wp-json\/wp\/v2\/pages\/4904\/revisions"}],"predecessor-version":[{"id":4981,"href":"https:\/\/fundacioestabanell.cat\/es\/wp-json\/wp\/v2\/pages\/4904\/revisions\/4981"}],"wp:attachment":[{"href":"https:\/\/fundacioestabanell.cat\/es\/wp-json\/wp\/v2\/media?parent=4904"}],"curies":[{"name":"wp","href":"https:\/\/api.w.org\/{rel}","templated":true}]}}