{"id":3979,"date":"2022-11-04T11:12:06","date_gmt":"2022-11-04T11:12:06","guid":{"rendered":"http:\/\/fundacioestabanell.cat\/politica-de-privacitat\/"},"modified":"2023-06-29T11:52:30","modified_gmt":"2023-06-29T11:52:30","slug":"politica-de-privacidad","status":"publish","type":"page","link":"https:\/\/fundacioestabanell.cat\/es\/politica-de-privacidad\/","title":{"rendered":"Pol\u00edtica de privacidad"},"content":{"rendered":"<p>El acceso y uso de este sitio web (en lo sucesivo, \u201cWeb\u201d) atribuye la condici\u00f3n de usuario al visitante de la web e implica la total aceptaci\u00f3n sin reservas por parte del usuario de las condiciones de uso vigentes en cada momento.<\/p>\n<p><strong>FUNDACI\u00d3N ESTABANELL<\/strong> se compromete al tratamiento de sus datos de acuerdo con la normativa de protecci\u00f3n de datos personales aplicable y en vigor en cada momento. Concretamente, <strong>FUNDACI\u00d3N ESTABANELL<\/strong> cumplir\u00e1 con las premisas establecidas en la Ley Org\u00e1nica 3\/2018, de 5 de diciembre, de Protecci\u00f3n de Datos Personales y Garant\u00eda de los Derechos Digitales (\u201cLOPDGDD\u201d), as\u00ed como aquellas del Reglamento (UE) 2016\/679, de 27 de abril de 2016, del Parlamento Europeo y de Consejo relativo a la protecci\u00f3n de las personas f\u00edsicas en cuanto al tratamiento de datos personales y a la libre circulaci\u00f3n de estos datos y por el cual se deroga la Directiva 95\/46\/CE (\u201cRGPD\u201d), as\u00ed como, otras regulaciones correlativas de aplicaci\u00f3n.<\/p>\n<p>Por lo tanto, <strong>FUNDACI\u00d3N ESTABANELL<\/strong> informa de su Pol\u00edtica de Privacidad, para hacer conocedores a los usuarios sobre el tratamiento de sus datos, as\u00ed como, de los principios fundamentales sobre protecci\u00f3n de datos personales que se los aplica.<\/p>\n<h3><strong>1. \u00bfQui\u00e9n es el responsable del tratamiento de sus datos?<\/strong><\/h3>\n<p>Identidad del responsable del tratamiento: <strong>FUNDACI\u00d3N ESTABANELL<\/strong><br \/>\nCIF: G72983885<br \/>\nDirecci\u00f3n postal: Josep Maria Ruera, n\u00ba25, bajos 084001 de Granollers (Barcelona).<br \/>\nTel\u00e9fono: 938 609 100<br \/>\nCorreo electr\u00f3nico: <a href=\"hola@fundacioestabanell.cat\">hola@fundacioestabanell.ca<\/a>t.<br \/>\nDelegado Protecci\u00f3n de Datos: <a href=\"lopd@estabanell.cat\">lopd@estabanell.cat<\/a><\/p>\n<h3><strong>2. \u00bfCu\u00e1les son las finalidades principales del tratamiento de sus datos?<\/strong><\/h3>\n<p>Tratamos los datos que nos facilite a trav\u00e9s de nuestra web de acuerdo con las siguientes finalidades:<\/p>\n<ul>\n<li>Dar respuesta a la consulta realizada a trav\u00e9s del apartado \u201ccontacto\u201d.<\/li>\n<li>Tramitar su inscripci\u00f3n en acontecimientos, formaciones y\/o convocatorias.<\/li>\n<li>Garantizar el correcto funcionamiento t\u00e9cnico del Web y en el supuesto de que lo autorice seg\u00fan el informado a nuestra <a href=\"http:\/\/fundacioestabanell.cat\/es\/politica-de-cookies\/\">Pol\u00edtica de Cookies<\/a>.<\/li>\n<\/ul>\n<h3><strong>3. \u00bfCu\u00e1l es la legitimaci\u00f3n por el tratamiento de sus datos?<\/strong><\/h3>\n<p>Las bases legales para tratar sus datos personales son: (a) la existencia de una relaci\u00f3n precontractual y\/o contractual; (b) cuando resulte necesario para la satisfacci\u00f3n de intereses leg\u00edtimos perseguidos por <strong>FUNDACI\u00d3N ESTABANELL<\/strong>; (c) cumplimiento de obligaciones legales y\/o (d) su consentimiento.<\/p>\n<h3><strong>4. \u00bfPor cu\u00e1nto de tiempo conservaremos sus datos?<\/strong><\/h3>\n<p>En caso de remitirnos el formulario de contacto o enviarnos un correo electr\u00f3nico trataremos sus datos personales durante el tiempo que tardamos a responder su consulta o solicitud.<\/p>\n<p>En el caso de inscripci\u00f3n a un acontecimiento, formaci\u00f3n y\/o convocatoria guardaremos sus datos el tiempo necesario para proceder a su gesti\u00f3n y ejecuci\u00f3n.<\/p>\n<h3><strong>5. \u00bfQui\u00e9n podr\u00e1 ser destinatario de la comunicaci\u00f3n de datos?<\/strong><\/h3>\n<p>En funci\u00f3n de los fines por los cuales se recopila la informaci\u00f3n personal, pueden acceder a esta informaci\u00f3n, indistintamente, las siguientes personas:<\/p>\n<ul>\n<li>Personal autorizado de <strong>FUNDACI\u00d3N ESTABANELL<\/strong> o sus representantes, actuando en nombre de FUNDACI\u00d3N ESTABANELL, sujetas a las leyes de protecci\u00f3n de datos que sean aplicables;<\/li>\n<li>Autoridades reguladoras u otras terceros en conformidad con las leyes aplicables;<\/li>\n<li>Terceros (proveedores de servicios que procesan informaci\u00f3n como encargado de tratamiento de datos, bajo las instrucciones de FUNDACI\u00d3N ESTABANELL), solo despu\u00e9s de llevar a cabo las medidas necesarias para asegurar que podemos compartir esta informaci\u00f3n y habiendo celebrado el correspondiente contrato de encargo de tratamiento, en conformidad con la normativa de protecci\u00f3n de datos aplicable.<\/li>\n<\/ul>\n<p>Los datos personales pueden tratarse fuera del Espacio Econ\u00f3mico Europeo (EEE). Cuando se traten fuera del EEE, <strong>FUNDACI\u00d3N ESTABANELL<\/strong> se tiene que asegurar que este tratamiento de datos transfronterizo es protegido con las garant\u00edas oportunas.<\/p>\n<p>Estas garant\u00edas pueden incluir:<\/p>\n<p>Cl\u00e1usulas Contractuales Tipos aprobadas por la Comisi\u00f3n Europea. Estas cl\u00e1usulas estandarizadas proporcionan suficientes garant\u00edas para garantizar que se re\u00fanen los requisitos de adecuaci\u00f3n y seguridad establecidos por el RGPD; o<\/p>\n<p>Certificaciones que demuestran que los terceros situados fuera del EEE tratan datos personales de una forma consecuente con el RGPD. Estas certificaciones son aprobadas bien por la Comisi\u00f3n Europea, bien por una autoridad supervisora competente, o bien por un organismo nacional de acreditaci\u00f3n competente de acuerdo con el RGPD.<\/p>\n<h3><strong>6. \u00bfCu\u00e1les son sus derechos cuando nos facilita sus datos?<\/strong><\/h3>\n<ul>\n<li>Derecho a solicitar el acceso a los datos personales: usted podr\u00e1 preguntar a <strong>FUNDACI\u00d3N ESTABANELL<\/strong> si est\u00e1 tratando sus datos y, en caso afirmativo, acceder.<\/li>\n<li>Derecho a solicitar su rectificaci\u00f3n si los datos son inexactos, o completar los datos que tengamos incompletas.<\/li>\n<li>Derecho a solicitar la supresi\u00f3n de sus datos.<\/li>\n<li>Derecho a solicitar la limitaci\u00f3n de su tratamiento: en este caso \u00fanicamente las conservaremos para el ejercicio o la defensa de reclamaciones.<\/li>\n<li>Derecho a oponerse al tratamiento: <strong>FUNDACI\u00d3N ESTABANELL<\/strong> dejar\u00e1 de tratar los datos personales, con la excepci\u00f3n que tengan que seguir trat\u00e1ndose por motivos leg\u00edtimos o para el ejercicio o defensa de posibles reclamaciones.<\/li>\n<li>Derecho a la portabilidad de los datos: en el supuesto de que el usuario quiera que sus datos sean tratados por otro responsable del tratamiento, <strong>FUNDACI\u00d3N ESTABANELL<\/strong> le facilitar\u00e1 el trasvase de sus datos al nuevo responsable.<\/li>\n<li>Derecho a no ser objeto de una decisi\u00f3n basada \u00fanicamente en el tratamiento automatizado de sus datos personales.<\/li>\n<\/ul>\n<p>Si hubiera otorgado el consentimiento para alguna finalidad espec\u00edfica, podr\u00e1 retirar el mismo cuando lo desee, sin que esto afecte la licitud del tratamiento basado en el consentimiento previo a su retirada.<\/p>\n<p>Para el ejercicio de sus derechos le rogamos que nos lo comunique por escrito a <strong>FUNDACI\u00d3N ESTABANELL<\/strong> Josep Maria Ruera, n\u00ba25, bajos 084001 de Granollers (Barcelona) o enviando un correo electr\u00f3nico a <a href=\"mailto:fundacio@estabanell.cat\">hola@fundacioestabanell.cat<\/a>. Si se tiene dudas sobre su identidad, podr\u00e1 resultar necesario aportar fotocopia del DNI o documento equivalente que acredite su identidad y sea considerado v\u00e1lido en derecho.<\/p>\n<p>Lo informamos que tiene derecho a presentar una reclamaci\u00f3n ante la Autoridad de Control, espec\u00edficamente, ante la Agencia Espa\u00f1ola de Protecci\u00f3n de Datos, y otros organismos p\u00fablicos competentes para cualquier reclamaci\u00f3n derivada de sus datos personales.<\/p>\n<h3><strong>7. \u00bfC\u00f3mo protegemos suyos datos personales?<\/strong><\/h3>\n<p>Para velar por la seguridad de la informaci\u00f3n, <strong>FUNDACI\u00d3N ESTABANELL<\/strong> aplica diferentes medidas t\u00e9cnicas y organizativas para garantizar el nivel de seguridad adecuado en conformidad con la normativa aplicable. En cualquier caso, <strong>FUNDACI\u00d3N ESTABANELL<\/strong> tomar\u00e1 medidas t\u00e9cnicas y organizativas adecuadas, tanto al dise\u00f1ar el sistema de tratamiento de los datos como en el momento del propio tratamiento, para preservar la seguridad e impedir tratamientos no autorizados. Sin embargo, todo y la implementaci\u00f3n diligente de estas medidas, el usuario tiene que saber que las medidas de seguridad a Internet no son inexpugnables. <strong>FUNDACI\u00d3N ESTABANELL<\/strong> no es responsable de actuaciones de terceros que, vulnerando estas medidas, accedan a los mencionados datos e informaci\u00f3n.<\/p>\n<h3><strong>8. Enlaces<\/strong><\/h3>\n<p>La Web puede contener enlaces en otras p\u00e1ginas webs. Tenga en cuenta que no somos responsables de la privacidad y el tratamiento de datos otras p\u00e1ginas webs. Esta pol\u00edtica de privacidad es aplicable exclusivamente a la informaci\u00f3n que se recoge en la web. Os recomendamos que le\u00e9is las pol\u00edticas de privacidad y tratamiento de datos otras p\u00e1ginas web con las cuales enlaza desde nuestra web o que visite de cualquier otra manera.<\/p>\n<h3><strong>9. Redes sociales<\/strong><\/h3>\n<p><strong>FUNDACI\u00d3N ESTABANELL<\/strong> tiene presencia en algunas de las principales redes sociales de Internet, y de las que act\u00faa como responsable del tratamiento en relaci\u00f3n con los datos publicados por <strong>FUNDACI\u00d3N ESTABANELL<\/strong>.<\/p>\n<p><strong>FUNDACI\u00d3N ESTABANELL<\/strong> tratar\u00e1 los datos por cada red social seg\u00fan las normas establecidas al efecto por cada red social. Por lo tanto, y mientras no se manifieste el contrario, desde <strong>FUNDACI\u00d3N ESTABANELL<\/strong> podremos informar, a nuestros seguidores en la red social correspondiente de nuestras actividades, acontecimientos, y otros temas relacionados, incluida la atenci\u00f3n en el seguidor, por los canales que la red social proporcione al efecto.<\/p>\n<p><strong>FUNDACI\u00d3N ESTABANELL<\/strong> no extraer\u00e1 datos personales de las redes sociales, salvo que el usuario nos d\u00e9 su consentimiento expreso.<\/p>\n<h3><strong>10. Modificaciones e integridad de nuestra Pol\u00edtica de Privacidad<\/strong><\/h3>\n<p>Solo utilizaremos sus datos de car\u00e1cter personal seg\u00fan el que establece la Pol\u00edtica de Privacidad que est\u00e9 en vigor en el momento en que obtengamos sus datos de car\u00e1cter personal. <strong>FUNDACI\u00d3N ESTABANELL<\/strong> se reserva el derecho a modificar en cualquier momento esta Pol\u00edtica de Privacidad, publicando estas modificaciones en la web, por el que le recomendamos que consulte la Pol\u00edtica de Privacidad cada vez que acceda en la web. Si en alg\u00fan momento decidimos utilizar datos personales de manera diferente al que se declar\u00f3 en el momento de su obtenci\u00f3n, se lo comunicaremos por correo electr\u00f3nico, siempre que disponemos del mismo. En este momento, se le dar\u00e1 la opci\u00f3n de autorizar otros usos o divulgaciones de los datos personales que usted nos hubiera facilitado antes de la modificaci\u00f3n de nuestra Pol\u00edtica de Privacidad.<\/p>\n<p>Al utilizar nuestro sitio web, el usuario admite que ha le\u00eddo y acepta esta Pol\u00edtica de Privacidad y nuestro <a href=\"http:\/\/fundacioestabanell.cat\/es\/aviso-legal\/\">Aviso legal<\/a>.<\/p>\n","protected":false},"excerpt":{"rendered":"<p>El acceso y uso de este sitio web (en lo sucesivo, \u201cWeb\u201d) atribuye la condici\u00f3n de usuario al visitante de la web e implica la total aceptaci\u00f3n sin reservas por parte del usuario de las condiciones de uso vigentes en cada momento. FUNDACI\u00d3N ESTABANELL se compromete al tratamiento de sus datos de acuerdo con la [&hellip;]<\/p>\n","protected":false},"author":1,"featured_media":0,"parent":0,"menu_order":0,"comment_status":"closed","ping_status":"closed","template":"page-legal.php","meta":{"_acf_changed":false,"footnotes":""},"class_list":["post-3979","page","type-page","status-publish","hentry"],"acf":[],"yoast_head":"<!-- This site is optimized with the Yoast SEO plugin v27.4 - https:\/\/yoast.com\/product\/yoast-seo-wordpress\/ -->\n<title>Pol\u00edtica de privacidad - Fundaci\u00f3 Estabanell<\/title>\n<meta name=\"robots\" content=\"index, follow, max-snippet:-1, max-image-preview:large, max-video-preview:-1\" \/>\n<link rel=\"canonical\" href=\"https:\/\/fundacioestabanell.cat\/es\/politica-de-privacidad\/\" \/>\n<meta property=\"og:locale\" content=\"es_ES\" \/>\n<meta property=\"og:type\" content=\"article\" \/>\n<meta property=\"og:title\" content=\"Pol\u00edtica de privacidad - Fundaci\u00f3 Estabanell\" \/>\n<meta property=\"og:description\" content=\"El acceso y uso de este sitio web (en lo sucesivo, \u201cWeb\u201d) atribuye la condici\u00f3n de usuario al visitante de la web e implica la total aceptaci\u00f3n sin reservas por parte del usuario de las condiciones de uso vigentes en cada momento. FUNDACI\u00d3N ESTABANELL se compromete al tratamiento de sus datos de acuerdo con la [&hellip;]\" \/>\n<meta property=\"og:url\" content=\"https:\/\/fundacioestabanell.cat\/es\/politica-de-privacidad\/\" \/>\n<meta property=\"og:site_name\" content=\"Fundaci\u00f3 Estabanell\" \/>\n<meta property=\"article:modified_time\" content=\"2023-06-29T11:52:30+00:00\" \/>\n<meta name=\"twitter:card\" content=\"summary_large_image\" \/>\n<meta name=\"twitter:label1\" content=\"Tiempo de lectura\" \/>\n\t<meta name=\"twitter:data1\" content=\"8 minutos\" \/>\n<script type=\"application\/ld+json\" class=\"yoast-schema-graph\">{\"@context\":\"https:\\\/\\\/schema.org\",\"@graph\":[{\"@type\":\"WebPage\",\"@id\":\"https:\\\/\\\/fundacioestabanell.cat\\\/es\\\/politica-de-privacidad\\\/\",\"url\":\"https:\\\/\\\/fundacioestabanell.cat\\\/es\\\/politica-de-privacidad\\\/\",\"name\":\"Pol\u00edtica de privacidad - Fundaci\u00f3 Estabanell\",\"isPartOf\":{\"@id\":\"https:\\\/\\\/fundacioestabanell.cat\\\/es\\\/#website\"},\"datePublished\":\"2022-11-04T11:12:06+00:00\",\"dateModified\":\"2023-06-29T11:52:30+00:00\",\"breadcrumb\":{\"@id\":\"https:\\\/\\\/fundacioestabanell.cat\\\/es\\\/politica-de-privacidad\\\/#breadcrumb\"},\"inLanguage\":\"es\",\"potentialAction\":[{\"@type\":\"ReadAction\",\"target\":[\"https:\\\/\\\/fundacioestabanell.cat\\\/es\\\/politica-de-privacidad\\\/\"]}]},{\"@type\":\"BreadcrumbList\",\"@id\":\"https:\\\/\\\/fundacioestabanell.cat\\\/es\\\/politica-de-privacidad\\\/#breadcrumb\",\"itemListElement\":[{\"@type\":\"ListItem\",\"position\":1,\"name\":\"Inici\",\"item\":\"https:\\\/\\\/fundacioestabanell.cat\\\/es\\\/\"},{\"@type\":\"ListItem\",\"position\":2,\"name\":\"Pol\u00edtica de privacidad\"}]},{\"@type\":\"WebSite\",\"@id\":\"https:\\\/\\\/fundacioestabanell.cat\\\/es\\\/#website\",\"url\":\"https:\\\/\\\/fundacioestabanell.cat\\\/es\\\/\",\"name\":\"Fundaci\u00f3 Estabanell\",\"description\":\"Este es vuestro espacio. Aqu\u00ed ten\u00e9is un sitio.\",\"potentialAction\":[{\"@type\":\"SearchAction\",\"target\":{\"@type\":\"EntryPoint\",\"urlTemplate\":\"https:\\\/\\\/fundacioestabanell.cat\\\/es\\\/?s={search_term_string}\"},\"query-input\":{\"@type\":\"PropertyValueSpecification\",\"valueRequired\":true,\"valueName\":\"search_term_string\"}}],\"inLanguage\":\"es\"}]}<\/script>\n<!-- \/ Yoast SEO plugin. -->","yoast_head_json":{"title":"Pol\u00edtica de privacidad - Fundaci\u00f3 Estabanell","robots":{"index":"index","follow":"follow","max-snippet":"max-snippet:-1","max-image-preview":"max-image-preview:large","max-video-preview":"max-video-preview:-1"},"canonical":"https:\/\/fundacioestabanell.cat\/es\/politica-de-privacidad\/","og_locale":"es_ES","og_type":"article","og_title":"Pol\u00edtica de privacidad - Fundaci\u00f3 Estabanell","og_description":"El acceso y uso de este sitio web (en lo sucesivo, \u201cWeb\u201d) atribuye la condici\u00f3n de usuario al visitante de la web e implica la total aceptaci\u00f3n sin reservas por parte del usuario de las condiciones de uso vigentes en cada momento. FUNDACI\u00d3N ESTABANELL se compromete al tratamiento de sus datos de acuerdo con la [&hellip;]","og_url":"https:\/\/fundacioestabanell.cat\/es\/politica-de-privacidad\/","og_site_name":"Fundaci\u00f3 Estabanell","article_modified_time":"2023-06-29T11:52:30+00:00","twitter_card":"summary_large_image","twitter_misc":{"Tiempo de lectura":"8 minutos"},"schema":{"@context":"https:\/\/schema.org","@graph":[{"@type":"WebPage","@id":"https:\/\/fundacioestabanell.cat\/es\/politica-de-privacidad\/","url":"https:\/\/fundacioestabanell.cat\/es\/politica-de-privacidad\/","name":"Pol\u00edtica de privacidad - Fundaci\u00f3 Estabanell","isPartOf":{"@id":"https:\/\/fundacioestabanell.cat\/es\/#website"},"datePublished":"2022-11-04T11:12:06+00:00","dateModified":"2023-06-29T11:52:30+00:00","breadcrumb":{"@id":"https:\/\/fundacioestabanell.cat\/es\/politica-de-privacidad\/#breadcrumb"},"inLanguage":"es","potentialAction":[{"@type":"ReadAction","target":["https:\/\/fundacioestabanell.cat\/es\/politica-de-privacidad\/"]}]},{"@type":"BreadcrumbList","@id":"https:\/\/fundacioestabanell.cat\/es\/politica-de-privacidad\/#breadcrumb","itemListElement":[{"@type":"ListItem","position":1,"name":"Inici","item":"https:\/\/fundacioestabanell.cat\/es\/"},{"@type":"ListItem","position":2,"name":"Pol\u00edtica de privacidad"}]},{"@type":"WebSite","@id":"https:\/\/fundacioestabanell.cat\/es\/#website","url":"https:\/\/fundacioestabanell.cat\/es\/","name":"Fundaci\u00f3 Estabanell","description":"Este es vuestro espacio. Aqu\u00ed ten\u00e9is un sitio.","potentialAction":[{"@type":"SearchAction","target":{"@type":"EntryPoint","urlTemplate":"https:\/\/fundacioestabanell.cat\/es\/?s={search_term_string}"},"query-input":{"@type":"PropertyValueSpecification","valueRequired":true,"valueName":"search_term_string"}}],"inLanguage":"es"}]}},"_links":{"self":[{"href":"https:\/\/fundacioestabanell.cat\/es\/wp-json\/wp\/v2\/pages\/3979","targetHints":{"allow":["GET"]}}],"collection":[{"href":"https:\/\/fundacioestabanell.cat\/es\/wp-json\/wp\/v2\/pages"}],"about":[{"href":"https:\/\/fundacioestabanell.cat\/es\/wp-json\/wp\/v2\/types\/page"}],"author":[{"embeddable":true,"href":"https:\/\/fundacioestabanell.cat\/es\/wp-json\/wp\/v2\/users\/1"}],"replies":[{"embeddable":true,"href":"https:\/\/fundacioestabanell.cat\/es\/wp-json\/wp\/v2\/comments?post=3979"}],"version-history":[{"count":9,"href":"https:\/\/fundacioestabanell.cat\/es\/wp-json\/wp\/v2\/pages\/3979\/revisions"}],"predecessor-version":[{"id":4276,"href":"https:\/\/fundacioestabanell.cat\/es\/wp-json\/wp\/v2\/pages\/3979\/revisions\/4276"}],"wp:attachment":[{"href":"https:\/\/fundacioestabanell.cat\/es\/wp-json\/wp\/v2\/media?parent=3979"}],"curies":[{"name":"wp","href":"https:\/\/api.w.org\/{rel}","templated":true}]}}